{"id":15,"date":"2022-12-27T08:59:18","date_gmt":"2022-12-27T08:59:18","guid":{"rendered":"https:\/\/citypark.al\/site\/?page_id=15"},"modified":"2022-12-27T13:55:49","modified_gmt":"2022-12-27T13:55:49","slug":"evente","status":"publish","type":"page","link":"https:\/\/citypark.al\/en\/evente\/","title":{"rendered":"Events"},"content":{"rendered":"<div class=\"vce-row-container\" data-vce-boxed-width=\"true\"><div class=\"vce-row vce-row--col-gap-30 vce-row-equal-height vce-row-content--top\" id=\"el-4ec02b1c\" data-vce-do-apply=\"all el-4ec02b1c\"><div class=\"vce-row-content\" data-vce-element-content=\"true\"><div class=\"vce-col vce-col--md-auto vce-col--xs-1 vce-col--xs-last vce-col--xs-first vce-col--sm-last vce-col--sm-first vce-col--md-last vce-col--lg-last vce-col--xl-last vce-col--md-first vce-col--lg-first vce-col--xl-first\" id=\"el-7ef0c589\"><div class=\"vce-col-inner\" data-vce-do-apply=\"border margin background  el-7ef0c589\"><div class=\"vce-col-content\" data-vce-element-content=\"true\" data-vce-do-apply=\"padding el-7ef0c589\"><div class=\"vce-text-block\" id=\"eventitem\"><div class=\"vce-text-block-wrapper vce\" id=\"el-9d1d63de\" data-vce-do-apply=\"all el-9d1d63de\"><h1>We celebrate Christmas together<\/h1><p>Endless games and gifts<\/p><p>Joker Event Agency<\/p><p><span style=\"color: #ff0000;\">December 24 at Citypark<\/span><\/p><\/div><\/div><\/div><\/div><\/div><\/div><\/div><\/div>","protected":false},"excerpt":{"rendered":"<p>Festojm\u00eb s\u00eb bashku KrishtlindjetLojra dhe dhurata pa fundJoker Event AgencyData 24 Dhjetor n\u00eb Citypark<\/p>","protected":false},"author":1,"featured_media":0,"parent":0,"menu_order":0,"comment_status":"closed","ping_status":"closed","template":"","meta":{"footnotes":""},"class_list":["post-15","page","type-page","status-publish","hentry"],"_links":{"self":[{"href":"https:\/\/citypark.al\/en\/wp-json\/wp\/v2\/pages\/15","targetHints":{"allow":["GET"]}}],"collection":[{"href":"https:\/\/citypark.al\/en\/wp-json\/wp\/v2\/pages"}],"about":[{"href":"https:\/\/citypark.al\/en\/wp-json\/wp\/v2\/types\/page"}],"author":[{"embeddable":true,"href":"https:\/\/citypark.al\/en\/wp-json\/wp\/v2\/users\/1"}],"replies":[{"embeddable":true,"href":"https:\/\/citypark.al\/en\/wp-json\/wp\/v2\/comments?post=15"}],"version-history":[{"count":5,"href":"https:\/\/citypark.al\/en\/wp-json\/wp\/v2\/pages\/15\/revisions"}],"predecessor-version":[{"id":50,"href":"https:\/\/citypark.al\/en\/wp-json\/wp\/v2\/pages\/15\/revisions\/50"}],"wp:attachment":[{"href":"https:\/\/citypark.al\/en\/wp-json\/wp\/v2\/media?parent=15"}],"curies":[{"name":"wp","href":"https:\/\/api.w.org\/{rel}","templated":true}]}}